{"id":1330,"date":"2024-07-24T12:40:52","date_gmt":"2024-07-24T12:40:52","guid":{"rendered":"http:\/\/3.235.126.131\/?page_id=1330"},"modified":"2024-07-24T12:45:58","modified_gmt":"2024-07-24T12:45:58","slug":"produced-in-gmp-facility","status":"publish","type":"page","link":"https:\/\/winlaboratories.com\/fr\/produced-in-gmp-facility\/","title":{"rendered":"Fabriqu\u00e9 dans une installation (GMP)"},"content":{"rendered":"<div data-elementor-type=\"wp-page\" data-elementor-id=\"1330\" class=\"elementor elementor-1330\" data-elementor-post-type=\"page\">\n\t\t\t\t<div class=\"elementor-element elementor-element-51cd52b e-flex e-con-boxed e-con e-parent\" data-id=\"51cd52b\" data-element_type=\"container\">\n\t\t\t\t\t<div class=\"e-con-inner\">\n\t\t\t\t<div class=\"elementor-element elementor-element-396e8bc elementor-widget__width-initial gmp-page elementor-widget elementor-widget-text-editor\" data-id=\"396e8bc\" data-element_type=\"widget\" data-widget_type=\"text-editor.default\">\n\t\t\t\t<div class=\"elementor-widget-container\">\n\t\t\t<style>\/*! elementor - v3.23.0 - 15-07-2024 *\/\n.elementor-widget-text-editor.elementor-drop-cap-view-stacked .elementor-drop-cap{background-color:#69727d;color:#fff}.elementor-widget-text-editor.elementor-drop-cap-view-framed .elementor-drop-cap{color:#69727d;border:3px solid;background-color:transparent}.elementor-widget-text-editor:not(.elementor-drop-cap-view-default) .elementor-drop-cap{margin-top:8px}.elementor-widget-text-editor:not(.elementor-drop-cap-view-default) .elementor-drop-cap-letter{width:1em;height:1em}.elementor-widget-text-editor .elementor-drop-cap{float:left;text-align:center;line-height:1;font-size:50px}.elementor-widget-text-editor .elementor-drop-cap-letter{display:inline-block}<\/style>\t\t\t\t<div class=\"number\"><img decoding=\"async\" class=\"lazyloaded aligncenter\" src=\"https:\/\/i0.wp.com\/cdn.shopify.com\/s\/files\/1\/0697\/0602\/3188\/files\/100x100_pc_GMP_quality_logo_dear_taher-02.jpg?resize=139%2C139&#038;ssl=1\" alt=\"_img\" width=\"139\" height=\"139\" data-sanitized-data-src=\"\/\/winlaboratories.com\/cdn\/shop\/files\/pngegg_1.png?v=1713967931\" data-src=\"\/\/winlaboratories.com\/cdn\/shop\/files\/pngegg_1.png?v=1713967931\" data-recalc-dims=\"1\" \/><\/div><div class=\"info\"><h4 class=\"title\" style=\"text-align: center;\">Fabriqu\u00e9 dans une installation (GMP)<\/h4><p class=\"content\">Fabriqu\u00e9 dans une installation (GMP) pour garantir la plu grande s\u00e9curit\u00e9, puret\u00e9 et constance de chaque lot.<\/p><p class=\"content\"><a title=\"Medickalab\" href=\"https:\/\/www.medickalab.com\/\" data-sanitized-target=\"_blank\"><img decoding=\"async\" class=\"aligncenter\" src=\"https:\/\/i0.wp.com\/cdn.shopify.com\/s\/files\/1\/0697\/0602\/3188\/files\/Medickalab_480x480.png?resize=263%2C155&#038;ssl=1\" alt=\"\" width=\"263\" height=\"155\" data-recalc-dims=\"1\" \/><\/a><\/p><p class=\"content\">Fond\u00e9 en 2010,\u00a0<a href=\"https:\/\/www.medickalab.com\/\" data-sanitized-target=\"_blank\">MEDICKA<\/a>\u00a0Les laboratoires se sp\u00e9cialisent dans la formulation et la fabrication de compl\u00e9ments alimentaires de haute qualit\u00e9. Nous reconnaissons le r\u00f4le crucial que jouent les compl\u00e9ments alimentaires dans la sant\u00e9 et le bien-\u00eatre de nos clients, c'est pourquoi nous nous engageons \u00e0 fournir des produits exceptionnels. Notre engagement envers l'excellence est soulign\u00e9 par notre certification GMP, garantissant que chaque produit r\u00e9pond aux normes les plus \u00e9lev\u00e9es de qualit\u00e9 et de s\u00e9curit\u00e9.<\/p><\/div>\t\t\t\t\t\t<\/div>\n\t\t\t\t<\/div>\n\t\t\t\t\t<\/div>\n\t\t\t\t<\/div>\n\t\t\t\t<\/div>","protected":false},"excerpt":{"rendered":"<p>PRODUCED IN GMP FACILITY Manufactured in a state-of-the-art, Good Manufacturing Practice (GMP) certified facility, adhering to stringent quality control measures [&hellip;]<\/p>","protected":false},"author":1,"featured_media":926,"parent":0,"menu_order":0,"comment_status":"closed","ping_status":"closed","template":"","meta":{"site-sidebar-layout":"no-sidebar","site-content-layout":"page-builder","ast-site-content-layout":"full-width-container","site-content-style":"default","site-sidebar-style":"default","ast-global-header-display":"","ast-banner-title-visibility":"","ast-main-header-display":"","ast-hfb-above-header-display":"","ast-hfb-below-header-display":"","ast-hfb-mobile-header-display":"","site-post-title":"disabled","ast-breadcrumbs-content":"","ast-featured-img":"disabled","footer-sml-layout":"","theme-transparent-header-meta":"","adv-header-id-meta":"","stick-header-meta":"","header-above-stick-meta":"","header-main-stick-meta":"","header-below-stick-meta":"","astra-migrate-meta-layouts":"set","ast-page-background-enabled":"default","ast-page-background-meta":{"desktop":{"background-color":"","background-image":"","background-repeat":"repeat","background-position":"center center","background-size":"auto","background-attachment":"scroll","background-type":"","background-media":"","overlay-type":"","overlay-color":"","overlay-opacity":"","overlay-gradient":""},"tablet":{"background-color":"","background-image":"","background-repeat":"repeat","background-position":"center center","background-size":"auto","background-attachment":"scroll","background-type":"","background-media":"","overlay-type":"","overlay-color":"","overlay-opacity":"","overlay-gradient":""},"mobile":{"background-color":"","background-image":"","background-repeat":"repeat","background-position":"center center","background-size":"auto","background-attachment":"scroll","background-type":"","background-media":"","overlay-type":"","overlay-color":"","overlay-opacity":"","overlay-gradient":""}},"ast-content-background-meta":{"desktop":{"background-color":"var(--ast-global-color-5)","background-image":"","background-repeat":"repeat","background-position":"center center","background-size":"auto","background-attachment":"scroll","background-type":"","background-media":"","overlay-type":"","overlay-color":"","overlay-opacity":"","overlay-gradient":""},"tablet":{"background-color":"var(--ast-global-color-5)","background-image":"","background-repeat":"repeat","background-position":"center center","background-size":"auto","background-attachment":"scroll","background-type":"","background-media":"","overlay-type":"","overlay-color":"","overlay-opacity":"","overlay-gradient":""},"mobile":{"background-color":"var(--ast-global-color-5)","background-image":"","background-repeat":"repeat","background-position":"center center","background-size":"auto","background-attachment":"scroll","background-type":"","background-media":"","overlay-type":"","overlay-color":"","overlay-opacity":"","overlay-gradient":""}},"footnotes":""},"jetpack_sharing_enabled":true,"_links":{"self":[{"href":"https:\/\/winlaboratories.com\/fr\/wp-json\/wp\/v2\/pages\/1330"}],"collection":[{"href":"https:\/\/winlaboratories.com\/fr\/wp-json\/wp\/v2\/pages"}],"about":[{"href":"https:\/\/winlaboratories.com\/fr\/wp-json\/wp\/v2\/types\/page"}],"author":[{"embeddable":true,"href":"https:\/\/winlaboratories.com\/fr\/wp-json\/wp\/v2\/users\/1"}],"replies":[{"embeddable":true,"href":"https:\/\/winlaboratories.com\/fr\/wp-json\/wp\/v2\/comments?post=1330"}],"version-history":[{"count":16,"href":"https:\/\/winlaboratories.com\/fr\/wp-json\/wp\/v2\/pages\/1330\/revisions"}],"predecessor-version":[{"id":1346,"href":"https:\/\/winlaboratories.com\/fr\/wp-json\/wp\/v2\/pages\/1330\/revisions\/1346"}],"wp:featuredmedia":[{"embeddable":true,"href":"https:\/\/winlaboratories.com\/fr\/wp-json\/wp\/v2\/media\/926"}],"wp:attachment":[{"href":"https:\/\/winlaboratories.com\/fr\/wp-json\/wp\/v2\/media?parent=1330"}],"curies":[{"name":"wp","href":"https:\/\/api.w.org\/{rel}","templated":true}]}}