{"id":1361,"date":"2024-07-24T13:28:48","date_gmt":"2024-07-24T13:28:48","guid":{"rendered":"http:\/\/3.235.126.131\/?page_id=1361"},"modified":"2024-08-01T13:24:22","modified_gmt":"2024-08-01T13:24:22","slug":"elementor-1361","status":"publish","type":"page","link":"https:\/\/winlaboratories.com\/fr\/elementor-1361\/","title":{"rendered":"Become an Ambassador"},"content":{"rendered":"<div data-elementor-type=\"wp-page\" data-elementor-id=\"1361\" class=\"elementor elementor-1361\" data-elementor-post-type=\"page\">\n\t\t\t\t<div class=\"elementor-element elementor-element-2cbfad3 e-flex e-con-boxed e-con e-parent\" data-id=\"2cbfad3\" data-element_type=\"container\">\n\t\t\t\t\t<div class=\"e-con-inner\">\n\t\t\t\t<div class=\"elementor-element elementor-element-ceab865 elementor-widget__width-initial elementor-widget elementor-widget-text-editor\" data-id=\"ceab865\" data-element_type=\"widget\" data-widget_type=\"text-editor.default\">\n\t\t\t\t<div class=\"elementor-widget-container\">\n\t\t\t<style>\/*! elementor - v3.23.0 - 15-07-2024 *\/\n.elementor-widget-text-editor.elementor-drop-cap-view-stacked .elementor-drop-cap{background-color:#69727d;color:#fff}.elementor-widget-text-editor.elementor-drop-cap-view-framed .elementor-drop-cap{color:#69727d;border:3px solid;background-color:transparent}.elementor-widget-text-editor:not(.elementor-drop-cap-view-default) .elementor-drop-cap{margin-top:8px}.elementor-widget-text-editor:not(.elementor-drop-cap-view-default) .elementor-drop-cap-letter{width:1em;height:1em}.elementor-widget-text-editor .elementor-drop-cap{float:left;text-align:center;line-height:1;font-size:50px}.elementor-widget-text-editor .elementor-drop-cap-letter{display:inline-block}<\/style>\t\t\t\t<h2>\u00a0<\/h2><h2 style=\"text-align: center;\"><strong>Programme Ambassadeur<\/strong><\/h2><p><strong>\u00a0<\/strong><\/p><p>Chez WIN, nous croyons en la puissance de la communaut\u00e9 et \u00e0 la force des partenariats. Notre Programme d'Ambassadeurs est con\u00e7u pour \u00e9tablir des relations avec des personnes passionn\u00e9es qui incarnent les valeurs et l'esprit de notre marque. En tant qu'Ambassadeur WIN, vous rejoindrez une \u00e9quipe dynamique d'athl\u00e8tes, de passionn\u00e9s de fitness et d'advocates de la sant\u00e9, d\u00e9di\u00e9e \u00e0 promouvoir l'excellence dans la nutrition sportive.<\/p><h3><strong>Ce que nous recherchons chez les Ambassadeurs<\/strong><\/h3><p><strong>\u00a0<\/strong><\/p><p>Nous recherchons des individus:<\/p><ul><li><strong>Passionn\u00e9s:\u00a0<\/strong>Des ambassadeurs qui pr\u00e9sentent une passion pour le fitness, la nutrition et un mode de vie actif.<\/li><li><strong>Authentiques:<\/strong>\u00a0 \u00a0Des personnes authentiques qui sont en accord avec les valeurs et la mission de notre marque.<\/li><li><strong>Engag\u00e9s:<\/strong>\u00a0 \u00a0 \u00a0Des ambassadeurs actifs dans leurs communaut\u00e9s, qu'elles soient en ligne ou hors ligne.<\/li><li><strong>Influents:<\/strong>\u00a0 \u00a0Des personnes avec une forte pr\u00e9sence sur les r\u00e9seaux sociaux ou un suivi significatif dans le domaine de la sant\u00e9 et du fitness.<\/li><\/ul><h3><strong>Les Avantages Ambassadeur<\/strong><\/h3><p>En tant que membre de la famille WIN, les ambassadeurs b\u00e9n\u00e9ficieront:<\/p><ul><li><strong>Promos Exclusives:<\/strong>\u00a0Profitez de promo exclusives sur les produits WIN que se soit pour un usage personnel ou \u00e0 titre de promotion.<\/li><li><strong>Acc\u00e8s en avant premi\u00e8re:<\/strong>\u00a0Soyez les premiers \u00e0 essayer nos nouveaux produits et \u00e0 nous fournir vos avis.<\/li><li><strong>Opportunit\u00e9s Promotionnelles :<\/strong>\u00a0Exprimez votre passion pour WIN \u00e0 travers des publications sur les r\u00e9seaux sociaux, des articles de blog et des collaborations lors d'\u00e9v\u00e9nements.<\/li><li><strong>R\u00e9seautage:<\/strong>\u00a0Etablissez des liens avec des personnes partageant les m\u00eames id\u00e9es et des professionnels de l'industrie au sein de la communaut\u00e9 des Ambassadeurs WIN.<\/li><li><strong>Reconnaissance:<\/strong>\u00a0Recevez une reconnaissance pour vos contributions \u00e0 travers des mentions, des mises en avant sur notre site web et nos canaux de m\u00e9dias sociaux, et plus encore.<\/li><\/ul><h3><strong>Nos Attentes<\/strong><\/h3><p><strong>\u00a0<\/strong><\/p><p>En retour, nous prions nos ambassadeurs de:<\/p><ul><li><strong>Promouvoir WIN:<\/strong>\u00a0Partager vox avis sur nos produits de fa\u00e7on r\u00e9elle et sinc\u00e8re.<\/li><li><strong>Int\u00e9ragir\/<\/strong>\u00a0Restez actif sur les r\u00e9seaux sociaux, interagir avec le contenu que nous publions et \u00e9tablir un lien avec notre audience.<\/li><li><strong>Cr\u00e9er du contenu:<\/strong>\u00a0Cr\u00e9ez du contenu de haute qualit\u00e9 montrant comment les produits WIN am\u00e9liorent votre parcours de fitness.<\/li><li><strong>Repr\u00e9senter la marque:<\/strong>\u00a0Pr\u00e9servez les valeurs et la r\u00e9putation de la marque WIN dans toutes vos interactions.<\/li><\/ul><h3><strong>Comment Postuler<\/strong><\/h3><p><strong>\u00a0<\/strong><\/p><p>Pensez-vous avoir ce qu'il faut pour repr\u00e9senter WIN ? Postulez pour devenir Ambassadeur en remplissant notre formulaire de candidature en ligne. Nous examinons les candidatures en continu et s\u00e9lectionnons les candidats qui s'alignent le mieux avec nos valeurs et objectifs de marque.<\/p><p><span style=\"color: #0000ff;\"><a style=\"color: #0000ff;\" title=\"Join us WIN!\" href=\"\/become-an-ambassador-form\/\">Rejoignez-nous pour inspirer les autres \u00e0 poursuivre leur passion pour le fitness et la performance avec WIN !<\/a><\/span><\/p>\t\t\t\t\t\t<\/div>\n\t\t\t\t<\/div>\n\t\t\t\t\t<\/div>\n\t\t\t\t<\/div>\n\t\t\t\t<\/div>","protected":false},"excerpt":{"rendered":"<p>\u00a0 Ambassador Program \u00a0 At WIN, we believe in the power of community and the strength of partnerships. Our Ambassador [&hellip;]<\/p>","protected":false},"author":1,"featured_media":0,"parent":0,"menu_order":0,"comment_status":"closed","ping_status":"closed","template":"","meta":{"site-sidebar-layout":"no-sidebar","site-content-layout":"page-builder","ast-site-content-layout":"full-width-container","site-content-style":"default","site-sidebar-style":"default","ast-global-header-display":"","ast-banner-title-visibility":"","ast-main-header-display":"","ast-hfb-above-header-display":"","ast-hfb-below-header-display":"","ast-hfb-mobile-header-display":"","site-post-title":"disabled","ast-breadcrumbs-content":"","ast-featured-img":"disabled","footer-sml-layout":"","theme-transparent-header-meta":"","adv-header-id-meta":"","stick-header-meta":"","header-above-stick-meta":"","header-main-stick-meta":"","header-below-stick-meta":"","astra-migrate-meta-layouts":"set","ast-page-background-enabled":"default","ast-page-background-meta":{"desktop":{"background-color":"","background-image":"","background-repeat":"repeat","background-position":"center center","background-size":"auto","background-attachment":"scroll","background-type":"","background-media":"","overlay-type":"","overlay-color":"","overlay-opacity":"","overlay-gradient":""},"tablet":{"background-color":"","background-image":"","background-repeat":"repeat","background-position":"center center","background-size":"auto","background-attachment":"scroll","background-type":"","background-media":"","overlay-type":"","overlay-color":"","overlay-opacity":"","overlay-gradient":""},"mobile":{"background-color":"","background-image":"","background-repeat":"repeat","background-position":"center center","background-size":"auto","background-attachment":"scroll","background-type":"","background-media":"","overlay-type":"","overlay-color":"","overlay-opacity":"","overlay-gradient":""}},"ast-content-background-meta":{"desktop":{"background-color":"var(--ast-global-color-5)","background-image":"","background-repeat":"repeat","background-position":"center center","background-size":"auto","background-attachment":"scroll","background-type":"","background-media":"","overlay-type":"","overlay-color":"","overlay-opacity":"","overlay-gradient":""},"tablet":{"background-color":"var(--ast-global-color-5)","background-image":"","background-repeat":"repeat","background-position":"center center","background-size":"auto","background-attachment":"scroll","background-type":"","background-media":"","overlay-type":"","overlay-color":"","overlay-opacity":"","overlay-gradient":""},"mobile":{"background-color":"var(--ast-global-color-5)","background-image":"","background-repeat":"repeat","background-position":"center center","background-size":"auto","background-attachment":"scroll","background-type":"","background-media":"","overlay-type":"","overlay-color":"","overlay-opacity":"","overlay-gradient":""}},"footnotes":""},"jetpack_sharing_enabled":true,"_links":{"self":[{"href":"https:\/\/winlaboratories.com\/fr\/wp-json\/wp\/v2\/pages\/1361"}],"collection":[{"href":"https:\/\/winlaboratories.com\/fr\/wp-json\/wp\/v2\/pages"}],"about":[{"href":"https:\/\/winlaboratories.com\/fr\/wp-json\/wp\/v2\/types\/page"}],"author":[{"embeddable":true,"href":"https:\/\/winlaboratories.com\/fr\/wp-json\/wp\/v2\/users\/1"}],"replies":[{"embeddable":true,"href":"https:\/\/winlaboratories.com\/fr\/wp-json\/wp\/v2\/comments?post=1361"}],"version-history":[{"count":19,"href":"https:\/\/winlaboratories.com\/fr\/wp-json\/wp\/v2\/pages\/1361\/revisions"}],"predecessor-version":[{"id":2192,"href":"https:\/\/winlaboratories.com\/fr\/wp-json\/wp\/v2\/pages\/1361\/revisions\/2192"}],"wp:attachment":[{"href":"https:\/\/winlaboratories.com\/fr\/wp-json\/wp\/v2\/media?parent=1361"}],"curies":[{"name":"wp","href":"https:\/\/api.w.org\/{rel}","templated":true}]}}