{"id":1369,"date":"2024-07-24T13:33:51","date_gmt":"2024-07-24T13:33:51","guid":{"rendered":"http:\/\/3.235.126.131\/?page_id=1369"},"modified":"2024-08-01T13:23:53","modified_gmt":"2024-08-01T13:23:53","slug":"become-a-distributor","status":"publish","type":"page","link":"https:\/\/winlaboratories.com\/fr\/become-a-distributor\/","title":{"rendered":"Devenir Distributeur"},"content":{"rendered":"<div data-elementor-type=\"wp-page\" data-elementor-id=\"1369\" class=\"elementor elementor-1369\" data-elementor-post-type=\"page\">\n\t\t\t\t<div class=\"elementor-element elementor-element-ba8224c e-flex e-con-boxed e-con e-parent\" data-id=\"ba8224c\" data-element_type=\"container\">\n\t\t\t\t\t<div class=\"e-con-inner\">\n\t\t\t\t<div class=\"elementor-element elementor-element-cd87693 elementor-widget elementor-widget-heading\" data-id=\"cd87693\" data-element_type=\"widget\" data-widget_type=\"heading.default\">\n\t\t\t\t<div class=\"elementor-widget-container\">\n\t\t\t<style>\/*! elementor - v3.23.0 - 15-07-2024 *\/\n.elementor-heading-title{padding:0;margin:0;line-height:1}.elementor-widget-heading .elementor-heading-title[class*=elementor-size-]>a{color:inherit;font-size:inherit;line-height:inherit}.elementor-widget-heading .elementor-heading-title.elementor-size-small{font-size:15px}.elementor-widget-heading .elementor-heading-title.elementor-size-medium{font-size:19px}.elementor-widget-heading .elementor-heading-title.elementor-size-large{font-size:29px}.elementor-widget-heading .elementor-heading-title.elementor-size-xl{font-size:39px}.elementor-widget-heading .elementor-heading-title.elementor-size-xxl{font-size:59px}<\/style><h2 class=\"elementor-heading-title elementor-size-default\">Devenir Distributeur<\/h2>\t\t<\/div>\n\t\t\t\t<\/div>\n\t\t\t\t<div class=\"elementor-element elementor-element-eb022a3 elementor-widget elementor-widget-text-editor\" data-id=\"eb022a3\" data-element_type=\"widget\" data-widget_type=\"text-editor.default\">\n\t\t\t\t<div class=\"elementor-widget-container\">\n\t\t\t<style>\/*! elementor - v3.23.0 - 15-07-2024 *\/\n.elementor-widget-text-editor.elementor-drop-cap-view-stacked .elementor-drop-cap{background-color:#69727d;color:#fff}.elementor-widget-text-editor.elementor-drop-cap-view-framed .elementor-drop-cap{color:#69727d;border:3px solid;background-color:transparent}.elementor-widget-text-editor:not(.elementor-drop-cap-view-default) .elementor-drop-cap{margin-top:8px}.elementor-widget-text-editor:not(.elementor-drop-cap-view-default) .elementor-drop-cap-letter{width:1em;height:1em}.elementor-widget-text-editor .elementor-drop-cap{float:left;text-align:center;line-height:1;font-size:50px}.elementor-widget-text-editor .elementor-drop-cap-letter{display:inline-block}<\/style>\t\t\t\t<p data-sanitized-data-mce-fragment=\"1\">Merci pour votre int\u00e9r\u00eat \u00e0 rejoindre WIN, une marque de nutrition sportive d\u00e9di\u00e9e aux athl\u00e8tes \u00e0 travers le monde. En devenant distributeur, vous avez l'opportunit\u00e9 de faire partie de notre mission visant \u00e0 fournir des produits de qualit\u00e9 , \u00e0 soutenir et contribuer \u00e0 la r\u00e9ussite des athl\u00e8tes \u00e0 travers leurs d\u00e9fis au quotidien.<\/p><h3><strong data-sanitized-data-mce-fragment=\"1\">Pourquoi Choisir WIN ?<\/strong><\/h3><ol data-sanitized-data-mce-fragment=\"1\"><li data-sanitized-data-mce-fragment=\"1\"><span style=\"color: #404040;\" data-sanitized-data-mce-style=\"color: #404040;\"><strong data-sanitized-data-mce-fragment=\"1\">Ingr\u00e9dients de Qualit\u00e9s<\/strong>:<\/span><p>WIN s'engage \u00e0 offrir des produits de nutrition sportive de qualit\u00e9 sup\u00e9rieure formul\u00e9s avec des ingr\u00e9dients soutenus par la science. Nos produits sont approuv\u00e9s par les athl\u00e8tes et les passionn\u00e9s de fitness du monde entier.<\/p><\/li><li><span style=\"color: #404040;\" data-sanitized-data-mce-style=\"color: #404040;\"><span style=\"color: #404040;\" data-sanitized-data-mce-style=\"color: #404040;\"><strong data-sanitized-data-mce-fragment=\"1\">Formules Innovantes<\/strong>:<\/span><\/span><p>Nous nous effor\u00e7ons continuellement d'innover et de d\u00e9velopper des formulations de pointe pour r\u00e9pondre aux besoins \u00e9volutifs des athl\u00e8tes. Notre \u00e9quipe de recherche et d\u00e9veloppement est d\u00e9di\u00e9e \u00e0 la cr\u00e9ation de produits qui offrent des r\u00e9sultats concrets.<\/p><\/li><li data-sanitized-data-mce-fragment=\"1\"><span style=\"color: #404040;\" data-sanitized-data-mce-style=\"color: #404040;\"><strong data-sanitized-data-mce-fragment=\"1\">R\u00e9putation de la Marque<\/strong>:<br \/><\/span><br \/>WIN se forge jour apr\u00e8s jour une solide r\u00e9putation dans l'industrie de la nutrition sportive pour sa fiabilit\u00e9, son int\u00e9grit\u00e9 et son excellence. Devenir partenaire avec nous vous permet de tirer parti de la r\u00e9putation et de la cr\u00e9dibilit\u00e9 de notre marque sur le march\u00e9.<\/li><li data-sanitized-data-mce-fragment=\"1\"><span style=\"color: #404040;\" data-sanitized-data-mce-style=\"color: #404040;\"><span style=\"color: #404040;\" data-sanitized-data-mce-style=\"color: #404040;\"><strong data-sanitized-data-mce-fragment=\"1\">Support Marketing<\/strong>:<\/span><\/span><p>En tant que distributeur de WIN, vous aurez acc\u00e8s \u00e0 une gamme compl\u00e8te de supports marketing, y compris des images de produits, des vid\u00e9os et du contenu promotionnel. Notre support marketing est con\u00e7u pour vous aider \u00e0 promouvoir efficacement les produits WIN et \u00e0 d\u00e9velopper votre entreprise.<\/p><\/li><li data-sanitized-data-mce-fragment=\"1\"><span style=\"color: #404040;\" data-sanitized-data-mce-style=\"color: #404040;\"><strong data-sanitized-data-mce-fragment=\"1\">Un Staff D\u00e9di\u00e9<\/strong>:<\/span><br \/>Nous fournissons un soutien exceptionnel \u00e0 nos distributeurs. Notre \u00e9quipe d\u00e9di\u00e9e est l\u00e0 pour vous aider \u00e0 chaque \u00e9tape, du traitement des commandes aux strat\u00e9gies marketing, afin d'assurer votre succ\u00e8s en tant que distributeur WIN.<\/li><\/ol><h3><strong data-sanitized-data-mce-fragment=\"1\">Comment Devenir Distributeur<\/strong><\/h3><ol data-sanitized-data-mce-fragment=\"1\"><li data-sanitized-data-mce-fragment=\"1\"><span style=\"color: #404040;\" data-sanitized-data-mce-style=\"color: #404040;\"><span style=\"color: #404040;\" data-sanitized-data-mce-style=\"color: #404040;\"><strong data-sanitized-data-mce-fragment=\"1\">Soumettre une Candidature<\/strong>:<\/span><\/span><p>To become a WIN distributor, simply fill out the distributor application form on our website. We&#8217;ll review your application and get in touch with you to discuss further steps.<\/p><\/li><li data-sanitized-data-mce-fragment=\"1\"><span style=\"color: #404040;\" data-sanitized-data-mce-style=\"color: #404040;\"><strong data-sanitized-data-mce-fragment=\"1\">Validation et Acceptation<\/strong>:\u00a0<\/span><p>Une fois votre candidature approuv\u00e9e, nous vous fournirons un accord de distributeur d\u00e9taillant les termes et conditions de notre partenariat. Notre processus d'int\u00e9gration veillera \u00e0 ce que vous disposiez de toutes les informations et ressources n\u00e9cessaires pour commencer \u00e0 vendre les produits WIN.<\/p><\/li><li data-sanitized-data-mce-fragment=\"1\"><span style=\"color: #404040;\" data-sanitized-data-mce-style=\"color: #404040;\"><span style=\"color: #404040;\" data-sanitized-data-mce-style=\"color: #404040;\"><strong data-sanitized-data-mce-fragment=\"1\">Formation et Suivi<\/strong>:<\/span><\/span><p>En tant que nouveau distributeur, vous b\u00e9n\u00e9ficierez d'une formation compl\u00e8te sur nos produits, nos strat\u00e9gies marketing et nos techniques de vente. Notre \u00e9quipe de support sera disponible pour r\u00e9pondre \u00e0 vos questions et vous fournir des conseils alors que vous d\u00e9veloppez votre entreprise.<\/p><\/li><li data-sanitized-data-mce-fragment=\"1\"><strong data-sanitized-data-mce-fragment=\"1\">Commencer la Vente<\/strong>:<p>Une fois pr\u00eat, commencer \u00e0 vendre les produits WIN \u00e0 vos clients. Que vous soyez d\u00e9taillant, propri\u00e9taire de salle de sport ou vendeur en ligne, nous vous soutiendrons pour atteindre vos objectifs de vente et d\u00e9velopper votre base de clients.<\/p><\/li><\/ol><h3><strong data-sanitized-data-mce-fragment=\"1\">Rejoignez l'\u00e9quipe WIN<\/strong><\/h3><p data-sanitized-data-mce-fragment=\"1\">Ne manquez pas l'opportunit\u00e9 de rejoindre l'\u00e9quipe WIN et de faire partie d'une communaut\u00e9 dynamique d'athl\u00e8tes et de passionn\u00e9s de fitness. Ensemble, nous pouvons alimenter le succ\u00e8s et inspirer l'excellence chez les athl\u00e8tes du monde entier.<\/p><p data-sanitized-data-mce-fragment=\"1\"><span style=\"color: #0000ff;\"><a style=\"color: #0000ff;\" href=\"\/become-a-distributor-2\/\">Postulez d\u00e8s aujourd'hui pour devenir distributeur WIN et propulsez votre entreprise vers de nouveaux sommets !<\/a><\/span><\/p><p data-sanitized-data-mce-fragment=\"1\">\u00a0<\/p>\t\t\t\t\t\t<\/div>\n\t\t\t\t<\/div>\n\t\t\t\t\t<\/div>\n\t\t\t\t<\/div>\n\t\t\t\t<\/div>","protected":false},"excerpt":{"rendered":"<p>Become A Distributor Thank you for your interest in joining WIN, a leading sports nutrition brand dedicated to empowering athletes [&hellip;]<\/p>","protected":false},"author":1,"featured_media":0,"parent":0,"menu_order":0,"comment_status":"closed","ping_status":"closed","template":"","meta":{"site-sidebar-layout":"no-sidebar","site-content-layout":"page-builder","ast-site-content-layout":"full-width-container","site-content-style":"default","site-sidebar-style":"default","ast-global-header-display":"","ast-banner-title-visibility":"","ast-main-header-display":"","ast-hfb-above-header-display":"","ast-hfb-below-header-display":"","ast-hfb-mobile-header-display":"","site-post-title":"disabled","ast-breadcrumbs-content":"","ast-featured-img":"disabled","footer-sml-layout":"","theme-transparent-header-meta":"","adv-header-id-meta":"","stick-header-meta":"","header-above-stick-meta":"","header-main-stick-meta":"","header-below-stick-meta":"","astra-migrate-meta-layouts":"set","ast-page-background-enabled":"default","ast-page-background-meta":{"desktop":{"background-color":"","background-image":"","background-repeat":"repeat","background-position":"center center","background-size":"auto","background-attachment":"scroll","background-type":"","background-media":"","overlay-type":"","overlay-color":"","overlay-opacity":"","overlay-gradient":""},"tablet":{"background-color":"","background-image":"","background-repeat":"repeat","background-position":"center center","background-size":"auto","background-attachment":"scroll","background-type":"","background-media":"","overlay-type":"","overlay-color":"","overlay-opacity":"","overlay-gradient":""},"mobile":{"background-color":"","background-image":"","background-repeat":"repeat","background-position":"center center","background-size":"auto","background-attachment":"scroll","background-type":"","background-media":"","overlay-type":"","overlay-color":"","overlay-opacity":"","overlay-gradient":""}},"ast-content-background-meta":{"desktop":{"background-color":"var(--ast-global-color-5)","background-image":"","background-repeat":"repeat","background-position":"center center","background-size":"auto","background-attachment":"scroll","background-type":"","background-media":"","overlay-type":"","overlay-color":"","overlay-opacity":"","overlay-gradient":""},"tablet":{"background-color":"var(--ast-global-color-5)","background-image":"","background-repeat":"repeat","background-position":"center center","background-size":"auto","background-attachment":"scroll","background-type":"","background-media":"","overlay-type":"","overlay-color":"","overlay-opacity":"","overlay-gradient":""},"mobile":{"background-color":"var(--ast-global-color-5)","background-image":"","background-repeat":"repeat","background-position":"center center","background-size":"auto","background-attachment":"scroll","background-type":"","background-media":"","overlay-type":"","overlay-color":"","overlay-opacity":"","overlay-gradient":""}},"footnotes":""},"jetpack_sharing_enabled":true,"_links":{"self":[{"href":"https:\/\/winlaboratories.com\/fr\/wp-json\/wp\/v2\/pages\/1369"}],"collection":[{"href":"https:\/\/winlaboratories.com\/fr\/wp-json\/wp\/v2\/pages"}],"about":[{"href":"https:\/\/winlaboratories.com\/fr\/wp-json\/wp\/v2\/types\/page"}],"author":[{"embeddable":true,"href":"https:\/\/winlaboratories.com\/fr\/wp-json\/wp\/v2\/users\/1"}],"replies":[{"embeddable":true,"href":"https:\/\/winlaboratories.com\/fr\/wp-json\/wp\/v2\/comments?post=1369"}],"version-history":[{"count":13,"href":"https:\/\/winlaboratories.com\/fr\/wp-json\/wp\/v2\/pages\/1369\/revisions"}],"predecessor-version":[{"id":2189,"href":"https:\/\/winlaboratories.com\/fr\/wp-json\/wp\/v2\/pages\/1369\/revisions\/2189"}],"wp:attachment":[{"href":"https:\/\/winlaboratories.com\/fr\/wp-json\/wp\/v2\/media?parent=1369"}],"curies":[{"name":"wp","href":"https:\/\/api.w.org\/{rel}","templated":true}]}}