{"id":1510,"date":"2024-07-25T09:22:56","date_gmt":"2024-07-25T09:22:56","guid":{"rendered":"http:\/\/3.123.102.144\/?page_id=1510"},"modified":"2024-08-01T08:54:14","modified_gmt":"2024-08-01T08:54:14","slug":"privacy-policy-for-win","status":"publish","type":"page","link":"https:\/\/winlaboratories.com\/fr\/privacy-policy-for-win\/","title":{"rendered":"Politique de Confidentialit\u00e9"},"content":{"rendered":"<div data-elementor-type=\"wp-page\" data-elementor-id=\"1510\" class=\"elementor elementor-1510\" data-elementor-post-type=\"page\">\n\t\t\t\t<div class=\"elementor-element elementor-element-a4bcf79 e-flex e-con-boxed e-con e-parent\" data-id=\"a4bcf79\" data-element_type=\"container\">\n\t\t\t\t\t<div class=\"e-con-inner\">\n\t\t\t\t<div class=\"elementor-element elementor-element-d938352 elementor-widget elementor-widget-heading\" data-id=\"d938352\" data-element_type=\"widget\" data-widget_type=\"heading.default\">\n\t\t\t\t<div class=\"elementor-widget-container\">\n\t\t\t<style>\/*! elementor - v3.23.0 - 15-07-2024 *\/\n.elementor-heading-title{padding:0;margin:0;line-height:1}.elementor-widget-heading .elementor-heading-title[class*=elementor-size-]>a{color:inherit;font-size:inherit;line-height:inherit}.elementor-widget-heading .elementor-heading-title.elementor-size-small{font-size:15px}.elementor-widget-heading .elementor-heading-title.elementor-size-medium{font-size:19px}.elementor-widget-heading .elementor-heading-title.elementor-size-large{font-size:29px}.elementor-widget-heading .elementor-heading-title.elementor-size-xl{font-size:39px}.elementor-widget-heading .elementor-heading-title.elementor-size-xxl{font-size:59px}<\/style><h2 class=\"elementor-heading-title elementor-size-default\">Politique de Confidentialit\u00e9<\/h2>\t\t<\/div>\n\t\t\t\t<\/div>\n\t\t\t\t<div class=\"elementor-element elementor-element-df7fc9b elementor-widget elementor-widget-text-editor\" data-id=\"df7fc9b\" data-element_type=\"widget\" data-widget_type=\"text-editor.default\">\n\t\t\t\t<div class=\"elementor-widget-container\">\n\t\t\t<style>\/*! elementor - v3.23.0 - 15-07-2024 *\/\n.elementor-widget-text-editor.elementor-drop-cap-view-stacked .elementor-drop-cap{background-color:#69727d;color:#fff}.elementor-widget-text-editor.elementor-drop-cap-view-framed .elementor-drop-cap{color:#69727d;border:3px solid;background-color:transparent}.elementor-widget-text-editor:not(.elementor-drop-cap-view-default) .elementor-drop-cap{margin-top:8px}.elementor-widget-text-editor:not(.elementor-drop-cap-view-default) .elementor-drop-cap-letter{width:1em;height:1em}.elementor-widget-text-editor .elementor-drop-cap{float:left;text-align:center;line-height:1;font-size:50px}.elementor-widget-text-editor .elementor-drop-cap-letter{display:inline-block}<\/style>\t\t\t\t<p data-sanitized-data-mce-fragment=\"1\"><span style=\"color: #000000;\"><strong data-sanitized-data-mce-fragment=\"1\">Politique de Confidentialit\u00e9<\/strong>\u00a0<\/span><a title=\"nfo@winlaboratories.com\" href=\"http:\/\/info@winlaboratories.com\/\" data-sanitized-target=\"_blank\">(www.winlaboratories.com)<\/a><\/p><p data-sanitized-data-mce-fragment=\"1\"><span style=\"color: #000000;\"><strong data-sanitized-data-mce-fragment=\"1\">Introduction<\/strong><\/span><\/p><p data-sanitized-data-mce-fragment=\"1\" class=\" translation-block\">Chez WIN, notre engagement r\u00e9side dans la protection de la vie priv\u00e9e de nos clients et des visiteurs de notre site Web. Cette politique de confidentialit\u00e9 d\u00e9crit les proc\u00e9dures par lesquelles nous recueillons, utilisons et divulguons des informations vous concernant sur notre site Web (www.winlaboratories.com). Elle est conforme aux dispositions de la loi tunisienne sur la protection des donn\u00e9es, loi n\u00b063-2004 du 27 juillet 2004. De plus, nous expliquons comment vous pouvez exercer un contr\u00f4le sur ces informations.<\/p><p data-sanitized-data-mce-fragment=\"1\"><span style=\"color: #000000;\"><strong data-sanitized-data-mce-fragment=\"1\">Informations que nous collectons<\/strong><\/span><\/p><p data-sanitized-data-mce-fragment=\"1\"><span style=\"color: #000000;\">Nous pouvons collecter plusieurs types d'informations de votre part, y compris :<\/span><\/p><ul data-sanitized-data-mce-fragment=\"1\"><li data-sanitized-data-mce-fragment=\"1\"><span style=\"color: #000000;\"><strong data-sanitized-data-mce-fragment=\"1\">Informations personnelles :<\/strong>\u00a0il s'agit de votre nom, adresse, adresse e-mail et informations de paiement.<\/span><\/li><li data-sanitized-data-mce-fragment=\"1\"><span style=\"color: #000000;\"><strong data-sanitized-data-mce-fragment=\"1\">Informations techniques :<\/strong>\u00a0il s'agit de votre adresse IP, type de navigateur et syst\u00e8me d'exploitation.<\/span><\/li><li data-sanitized-data-mce-fragment=\"1\"><span style=\"color: #000000;\"><strong data-sanitized-data-mce-fragment=\"1\">Informations d'utilisation :<\/strong>\u00a0il s'agit d'informations sur votre interaction avec notre site web, telles que les pages visit\u00e9es et les produits achet\u00e9s.<\/span><\/li><\/ul><p data-sanitized-data-mce-fragment=\"1\"><span style=\"color: #000000;\"><strong data-sanitized-data-mce-fragment=\"1\">Comment nous utilisons vos informations<\/strong><\/span><\/p><p data-sanitized-data-mce-fragment=\"1\"><span style=\"color: #000000;\">Nous utilisons vos informations pour fournir et am\u00e9liorer nos services, traiter vos commandes, vous envoyer des communications marketing et \u00e0 d'autres fins d\u00e9crites dans cette politique de confidentialit\u00e9.<\/span><\/p><p data-sanitized-data-mce-fragment=\"1\"><span style=\"color: #000000;\"><strong data-sanitized-data-mce-fragment=\"1\">Divulgation des informations<\/strong><\/span><\/p><p data-sanitized-data-mce-fragment=\"1\"><span style=\"color: #000000;\">Nous pouvons partager vos informations avec des prestataires de services tiers qui ex\u00e9cutent des services pour notre compte. Ces prestataires de services sont li\u00e9s contractuellement \u00e0 prot\u00e9ger vos informations et \u00e0 n'en faire usage que dans le cadre de la fourniture de services \u00e0 notre \u00e9gard.<\/span><\/p><p data-sanitized-data-mce-fragment=\"1\"><span style=\"color: #000000;\">Nous pouvons \u00e9galement divulguer vos informations en r\u00e9ponse \u00e0 des demandes l\u00e9gales, telles que des sommations ou des ordonnances de justice, ou en r\u00e9ponse \u00e0 des demandes de l'application de la loi.<\/span><\/p><p data-sanitized-data-mce-fragment=\"1\"><span style=\"color: #000000;\"><strong data-sanitized-data-mce-fragment=\"1\">Conservation des donn\u00e9es<\/strong><\/span><\/p><p data-sanitized-data-mce-fragment=\"1\"><span style=\"color: #000000;\">Nous conserverons vos informations aussi longtemps que n\u00e9cessaire pour remplir les objectifs d\u00e9crits dans cette politique de confidentialit\u00e9 ou pour satisfaire aux exigences l\u00e9gales.<\/span><\/p><p data-sanitized-data-mce-fragment=\"1\"><span style=\"color: #000000;\"><strong data-sanitized-data-mce-fragment=\"1\">Contr\u00f4le sur vos informations<\/strong><\/span><\/p><p data-sanitized-data-mce-fragment=\"1\"><span style=\"color: #000000;\">Vous avez le droit d'acc\u00e9der, de mettre \u00e0 jour ou de supprimer vos informations personnelles en vous connectant \u00e0 votre compte sur notre site web ou en nous contactant.<\/span><\/p><p data-sanitized-data-mce-fragment=\"1\"><span style=\"color: #000000;\"><strong data-sanitized-data-mce-fragment=\"1\">Modifications de cette politique de confidentialit\u00e9<\/strong><\/span><\/p><p data-sanitized-data-mce-fragment=\"1\"><span style=\"color: #000000;\">Nous pouvons apporter des modifications \u00e0 cette politique de confidentialit\u00e9 de temps \u00e0 autre. Nous fournirons une notification de tout changement sur notre site web et\/ou par e-mail. Votre utilisation continue de notre site web apr\u00e8s tout changement apport\u00e9 \u00e0 cette politique de confidentialit\u00e9 signifie votre acceptation des nouveaux termes.<\/span><\/p><p data-sanitized-data-mce-fragment=\"1\"><span style=\"color: #000000;\"><strong data-sanitized-data-mce-fragment=\"1\">Politiques des Cookies<\/strong><\/span><\/p><p data-sanitized-data-mce-fragment=\"1\"><span style=\"color: #000000;\">Notre site web utilise des cookies pour am\u00e9liorer l'exp\u00e9rience de navigation de nos clients. Vous pouvez contr\u00f4ler l'utilisation de cookies via les param\u00e8tres de votre navigateur. Pour plus d'informations sur notre utilisation de cookies, veuillez consulter notre politique de cookies.<\/span><\/p><p data-sanitized-data-mce-fragment=\"1\"><span style=\"color: #000000;\"><strong data-sanitized-data-mce-fragment=\"1\">Contactez-Nous<\/strong><\/span><\/p><p data-sanitized-data-mce-fragment=\"1\"><span style=\"color: #000000;\">Si vous avez des questions sur cette politique de confidentialit\u00e9 ou sur notre utilisation de vos informations, veuillez nous contacter \u00e0 l'adresse suivante :<\/span> <span style=\"color: #3366ff;\">contact<a style=\"color: #3366ff;\" title=\"contact@winlaboratories.com\" href=\"mailto:contact@winlaboratories.com\" rel=\"noopener noreferrer\" data-sanitized-target=\"_blank\">@winlaboratories.com<\/a>.<\/span><\/p><p data-sanitized-data-mce-fragment=\"1\"><span style=\"color: #000000;\">Cette Politique de Confidentialit\u00e9 \u00e0 \u00e9tait mise \u00e0 jour en Avril 2024<\/span><\/p>\t\t\t\t\t\t<\/div>\n\t\t\t\t<\/div>\n\t\t\t\t\t<\/div>\n\t\t\t\t<\/div>\n\t\t\t\t<\/div>","protected":false},"excerpt":{"rendered":"<p>Privacy Policy for WIN Privacy Policy for WIN\u00a0(www.winlaboratories.com) Introduction At WIN, our dedication lies in ensuring the privacy of our [&hellip;]<\/p>","protected":false},"author":1,"featured_media":0,"parent":0,"menu_order":0,"comment_status":"closed","ping_status":"closed","template":"","meta":{"site-sidebar-layout":"no-sidebar","site-content-layout":"page-builder","ast-site-content-layout":"full-width-container","site-content-style":"default","site-sidebar-style":"default","ast-global-header-display":"","ast-banner-title-visibility":"","ast-main-header-display":"","ast-hfb-above-header-display":"","ast-hfb-below-header-display":"","ast-hfb-mobile-header-display":"","site-post-title":"disabled","ast-breadcrumbs-content":"","ast-featured-img":"disabled","footer-sml-layout":"","theme-transparent-header-meta":"","adv-header-id-meta":"","stick-header-meta":"","header-above-stick-meta":"","header-main-stick-meta":"","header-below-stick-meta":"","astra-migrate-meta-layouts":"set","ast-page-background-enabled":"default","ast-page-background-meta":{"desktop":{"background-color":"","background-image":"","background-repeat":"repeat","background-position":"center center","background-size":"auto","background-attachment":"scroll","background-type":"","background-media":"","overlay-type":"","overlay-color":"","overlay-opacity":"","overlay-gradient":""},"tablet":{"background-color":"","background-image":"","background-repeat":"repeat","background-position":"center center","background-size":"auto","background-attachment":"scroll","background-type":"","background-media":"","overlay-type":"","overlay-color":"","overlay-opacity":"","overlay-gradient":""},"mobile":{"background-color":"","background-image":"","background-repeat":"repeat","background-position":"center center","background-size":"auto","background-attachment":"scroll","background-type":"","background-media":"","overlay-type":"","overlay-color":"","overlay-opacity":"","overlay-gradient":""}},"ast-content-background-meta":{"desktop":{"background-color":"var(--ast-global-color-5)","background-image":"","background-repeat":"repeat","background-position":"center center","background-size":"auto","background-attachment":"scroll","background-type":"","background-media":"","overlay-type":"","overlay-color":"","overlay-opacity":"","overlay-gradient":""},"tablet":{"background-color":"var(--ast-global-color-5)","background-image":"","background-repeat":"repeat","background-position":"center center","background-size":"auto","background-attachment":"scroll","background-type":"","background-media":"","overlay-type":"","overlay-color":"","overlay-opacity":"","overlay-gradient":""},"mobile":{"background-color":"var(--ast-global-color-5)","background-image":"","background-repeat":"repeat","background-position":"center center","background-size":"auto","background-attachment":"scroll","background-type":"","background-media":"","overlay-type":"","overlay-color":"","overlay-opacity":"","overlay-gradient":""}},"footnotes":""},"jetpack_sharing_enabled":true,"_links":{"self":[{"href":"https:\/\/winlaboratories.com\/fr\/wp-json\/wp\/v2\/pages\/1510"}],"collection":[{"href":"https:\/\/winlaboratories.com\/fr\/wp-json\/wp\/v2\/pages"}],"about":[{"href":"https:\/\/winlaboratories.com\/fr\/wp-json\/wp\/v2\/types\/page"}],"author":[{"embeddable":true,"href":"https:\/\/winlaboratories.com\/fr\/wp-json\/wp\/v2\/users\/1"}],"replies":[{"embeddable":true,"href":"https:\/\/winlaboratories.com\/fr\/wp-json\/wp\/v2\/comments?post=1510"}],"version-history":[{"count":7,"href":"https:\/\/winlaboratories.com\/fr\/wp-json\/wp\/v2\/pages\/1510\/revisions"}],"predecessor-version":[{"id":2157,"href":"https:\/\/winlaboratories.com\/fr\/wp-json\/wp\/v2\/pages\/1510\/revisions\/2157"}],"wp:attachment":[{"href":"https:\/\/winlaboratories.com\/fr\/wp-json\/wp\/v2\/media?parent=1510"}],"curies":[{"name":"wp","href":"https:\/\/api.w.org\/{rel}","templated":true}]}}