{"id":1521,"date":"2024-07-25T09:29:18","date_gmt":"2024-07-25T09:29:18","guid":{"rendered":"http:\/\/3.123.102.144\/?page_id=1521"},"modified":"2024-09-14T15:51:13","modified_gmt":"2024-09-14T15:51:13","slug":"the-slogan","status":"publish","type":"page","link":"https:\/\/winlaboratories.com\/fr\/the-slogan\/","title":{"rendered":"Slogan"},"content":{"rendered":"<div data-elementor-type=\"wp-page\" data-elementor-id=\"1521\" class=\"elementor elementor-1521\" data-elementor-post-type=\"page\">\n\t\t\t\t<div class=\"elementor-element elementor-element-5ecb4cb e-flex e-con-boxed e-con e-parent\" data-id=\"5ecb4cb\" data-element_type=\"container\">\n\t\t\t\t\t<div class=\"e-con-inner\">\n\t\t\t\t<div class=\"elementor-element elementor-element-351527a elementor-widget elementor-widget-heading\" data-id=\"351527a\" data-element_type=\"widget\" data-widget_type=\"heading.default\">\n\t\t\t\t<div class=\"elementor-widget-container\">\n\t\t\t<style>\/*! elementor - v3.23.0 - 15-07-2024 *\/\n.elementor-heading-title{padding:0;margin:0;line-height:1}.elementor-widget-heading .elementor-heading-title[class*=elementor-size-]>a{color:inherit;font-size:inherit;line-height:inherit}.elementor-widget-heading .elementor-heading-title.elementor-size-small{font-size:15px}.elementor-widget-heading .elementor-heading-title.elementor-size-medium{font-size:19px}.elementor-widget-heading .elementor-heading-title.elementor-size-large{font-size:29px}.elementor-widget-heading .elementor-heading-title.elementor-size-xl{font-size:39px}.elementor-widget-heading .elementor-heading-title.elementor-size-xxl{font-size:59px}<\/style><h2 class=\"elementor-heading-title elementor-size-default\">WIN Labs -The Slogan<\/h2>\t\t<\/div>\n\t\t\t\t<\/div>\n\t\t\t\t<div class=\"elementor-element elementor-element-4568f6e elementor-widget elementor-widget-text-editor\" data-id=\"4568f6e\" data-element_type=\"widget\" data-widget_type=\"text-editor.default\">\n\t\t\t\t<div class=\"elementor-widget-container\">\n\t\t\t<style>\/*! elementor - v3.23.0 - 15-07-2024 *\/\n.elementor-widget-text-editor.elementor-drop-cap-view-stacked .elementor-drop-cap{background-color:#69727d;color:#fff}.elementor-widget-text-editor.elementor-drop-cap-view-framed .elementor-drop-cap{color:#69727d;border:3px solid;background-color:transparent}.elementor-widget-text-editor:not(.elementor-drop-cap-view-default) .elementor-drop-cap{margin-top:8px}.elementor-widget-text-editor:not(.elementor-drop-cap-view-default) .elementor-drop-cap-letter{width:1em;height:1em}.elementor-widget-text-editor .elementor-drop-cap{float:left;text-align:center;line-height:1;font-size:50px}.elementor-widget-text-editor .elementor-drop-cap-letter{display:inline-block}<\/style>\t\t\t\t<p data-sanitized-data-mce-fragment=\"1\"><span style=\"color: #000000;\">\"Chez WIN, nous croyons en l\u2019esprit d\u2019\u00e9quipe et du succ\u00e8s partag\u00e9. Notre slogan, \"WIN for All, All for WIN\", incarne notre philosophie centrale. Il signifie que notre marque ne se limite pas \u00e0 la r\u00e9alisation individuelle, mais \u00e0 la cr\u00e9ation d'une communaut\u00e9 florissante o\u00f9 chaque membre est une part int\u00e9grante de notre parcours vers le succ\u00e8s.\"<\/span><\/p>\n<p data-sanitized-data-mce-fragment=\"1\"><span style=\"color: #000000;\">'WIN for All' signifie que nos produits et ressources sont accessibles et b\u00e9n\u00e9fiques pour tous, quel que soit votre niveau de forme physique, vos objectifs ou votre background. Que vous soyez un athl\u00e8te d'\u00e9lite, un passionn\u00e9 de fitness ou quelqu'un qui d\u00e9bute son parcours de sant\u00e9 et de bien-\u00eatre, nous sommes l\u00e0 pour vous soutenir. Nous nous engageons \u00e0 faire en sorte que tout le monde puisse b\u00e9n\u00e9ficier d\u2019une nutrition de premi\u00e8re qualit\u00e9.<\/span><\/p>\n<p data-sanitized-data-mce-fragment=\"1\"><span style=\"color: #000000;\">'All for WIN' met en lumi\u00e8re l'esprit collaboratif au c\u0153ur de notre marque. Il refl\u00e8te notre conviction que notre succ\u00e8s est intrins\u00e8quement li\u00e9 au succ\u00e8s de nos clients et de notre communaut\u00e9. Vos r\u00e9alisations sont nos victoires, et vos progr\u00e8s sont ce qui nous fait avancer. Nous ne sommes pas seulement une entreprise de nutrition ; nous sommes une communaut\u00e9 d'individus passionn\u00e9s par l'entraide pour atteindre nos objectifs.<\/span><\/p>\n<p data-sanitized-data-mce-fragment=\"1\"><span style=\"color: #000000;\">By choosing WIN Labs, you&#8217;re not just choosing a product; you&#8217;re becoming a part of a supportive, motivating, and inclusive community. Together, we&#8217;re all working towards the common goal of achieving our personal best, and in doing so, we become part of something greater \u2013 a community where we all WIN.&#8221;<\/span><\/p>\t\t\t\t\t\t<\/div>\n\t\t\t\t<\/div>\n\t\t\t\t\t<\/div>\n\t\t\t\t<\/div>\n\t\t\t\t<\/div>","protected":false},"excerpt":{"rendered":"<p>WIN Labs -The Slogan &#8220;At WIN, we believe in the power of unity and shared success. Our slogan, &#8216;WIN for [&hellip;]<\/p>","protected":false},"author":1,"featured_media":0,"parent":0,"menu_order":0,"comment_status":"closed","ping_status":"closed","template":"","meta":{"site-sidebar-layout":"no-sidebar","site-content-layout":"page-builder","ast-site-content-layout":"full-width-container","site-content-style":"default","site-sidebar-style":"default","ast-global-header-display":"","ast-banner-title-visibility":"","ast-main-header-display":"","ast-hfb-above-header-display":"","ast-hfb-below-header-display":"","ast-hfb-mobile-header-display":"","site-post-title":"disabled","ast-breadcrumbs-content":"","ast-featured-img":"disabled","footer-sml-layout":"","theme-transparent-header-meta":"","adv-header-id-meta":"","stick-header-meta":"","header-above-stick-meta":"","header-main-stick-meta":"","header-below-stick-meta":"","astra-migrate-meta-layouts":"set","ast-page-background-enabled":"default","ast-page-background-meta":{"desktop":{"background-color":"","background-image":"","background-repeat":"repeat","background-position":"center center","background-size":"auto","background-attachment":"scroll","background-type":"","background-media":"","overlay-type":"","overlay-color":"","overlay-opacity":"","overlay-gradient":""},"tablet":{"background-color":"","background-image":"","background-repeat":"repeat","background-position":"center center","background-size":"auto","background-attachment":"scroll","background-type":"","background-media":"","overlay-type":"","overlay-color":"","overlay-opacity":"","overlay-gradient":""},"mobile":{"background-color":"","background-image":"","background-repeat":"repeat","background-position":"center center","background-size":"auto","background-attachment":"scroll","background-type":"","background-media":"","overlay-type":"","overlay-color":"","overlay-opacity":"","overlay-gradient":""}},"ast-content-background-meta":{"desktop":{"background-color":"var(--ast-global-color-5)","background-image":"","background-repeat":"repeat","background-position":"center center","background-size":"auto","background-attachment":"scroll","background-type":"","background-media":"","overlay-type":"","overlay-color":"","overlay-opacity":"","overlay-gradient":""},"tablet":{"background-color":"var(--ast-global-color-5)","background-image":"","background-repeat":"repeat","background-position":"center center","background-size":"auto","background-attachment":"scroll","background-type":"","background-media":"","overlay-type":"","overlay-color":"","overlay-opacity":"","overlay-gradient":""},"mobile":{"background-color":"var(--ast-global-color-5)","background-image":"","background-repeat":"repeat","background-position":"center center","background-size":"auto","background-attachment":"scroll","background-type":"","background-media":"","overlay-type":"","overlay-color":"","overlay-opacity":"","overlay-gradient":""}},"footnotes":""},"jetpack_sharing_enabled":true,"_links":{"self":[{"href":"https:\/\/winlaboratories.com\/fr\/wp-json\/wp\/v2\/pages\/1521"}],"collection":[{"href":"https:\/\/winlaboratories.com\/fr\/wp-json\/wp\/v2\/pages"}],"about":[{"href":"https:\/\/winlaboratories.com\/fr\/wp-json\/wp\/v2\/types\/page"}],"author":[{"embeddable":true,"href":"https:\/\/winlaboratories.com\/fr\/wp-json\/wp\/v2\/users\/1"}],"replies":[{"embeddable":true,"href":"https:\/\/winlaboratories.com\/fr\/wp-json\/wp\/v2\/comments?post=1521"}],"version-history":[{"count":17,"href":"https:\/\/winlaboratories.com\/fr\/wp-json\/wp\/v2\/pages\/1521\/revisions"}],"predecessor-version":[{"id":2637,"href":"https:\/\/winlaboratories.com\/fr\/wp-json\/wp\/v2\/pages\/1521\/revisions\/2637"}],"wp:attachment":[{"href":"https:\/\/winlaboratories.com\/fr\/wp-json\/wp\/v2\/media?parent=1521"}],"curies":[{"name":"wp","href":"https:\/\/api.w.org\/{rel}","templated":true}]}}