{"id":1751,"date":"2024-07-26T10:17:11","date_gmt":"2024-07-26T10:17:11","guid":{"rendered":"http:\/\/3.123.102.144\/?page_id=1751"},"modified":"2024-09-10T17:44:38","modified_gmt":"2024-09-10T17:44:38","slug":"elementor-1751","status":"publish","type":"page","link":"https:\/\/winlaboratories.com\/fr\/elementor-1751\/","title":{"rendered":"A Propos de Nous"},"content":{"rendered":"<div data-elementor-type=\"wp-page\" data-elementor-id=\"1751\" class=\"elementor elementor-1751\" data-elementor-post-type=\"page\">\n\t\t\t\t<div class=\"elementor-element elementor-element-5bd23d8 e-flex e-con-boxed e-con e-parent\" data-id=\"5bd23d8\" data-element_type=\"container\">\n\t\t\t\t\t<div class=\"e-con-inner\">\n\t\t\t\t<div class=\"elementor-element elementor-element-a67ce3a elementor-widget__width-initial elementor-widget elementor-widget-text-editor\" data-id=\"a67ce3a\" data-element_type=\"widget\" data-widget_type=\"text-editor.default\">\n\t\t\t\t<div class=\"elementor-widget-container\">\n\t\t\t<style>\/*! elementor - v3.23.0 - 15-07-2024 *\/\n.elementor-widget-text-editor.elementor-drop-cap-view-stacked .elementor-drop-cap{background-color:#69727d;color:#fff}.elementor-widget-text-editor.elementor-drop-cap-view-framed .elementor-drop-cap{color:#69727d;border:3px solid;background-color:transparent}.elementor-widget-text-editor:not(.elementor-drop-cap-view-default) .elementor-drop-cap{margin-top:8px}.elementor-widget-text-editor:not(.elementor-drop-cap-view-default) .elementor-drop-cap-letter{width:1em;height:1em}.elementor-widget-text-editor .elementor-drop-cap{float:left;text-align:center;line-height:1;font-size:50px}.elementor-widget-text-editor .elementor-drop-cap-letter{display:inline-block}<\/style>\t\t\t\t<h2 style=\"text-align: center;\"><strong>Bienvenue \u00e0 WIN Laboratoires<br \/><\/strong><\/h2><p>\u00a0<\/p><p>Bienvenue chez WIN Laboratories, une entreprise n\u00e9e de la passion commune de pharmaciens pour le sport et la remise en forme. Nos fondateurs, anim\u00e9s par le d\u00e9sir d'apporter une nutrition sportive de qualit\u00e9 sur le march\u00e9 africain, croient en la remise en question des normes de l'industrie et en la d\u00e9montrant que des pays tels que la Tunisie peut \u00eatre un acteur cl\u00e9 dans le domaine, rivalisant m\u00eame avec les plus grandes marques mondiales.<\/p><p>Chez WIN Labs, notre mission est claire : fournir des produits de haute qualit\u00e9 et polyvalents r\u00e9pondant \u00e0 tous les types de pratiquants sportifs, des personnes \u00e2g\u00e9es aux femmes en passant par les hommes. Nous comprenons que le succ\u00e8s dans le sport est \u00e9troitement li\u00e9 \u00e0 une nutrition appropri\u00e9e, et notre engagement est d'offrir des produits r\u00e9pondant aux besoins uniques des athl\u00e8tes de diff\u00e9rentes cat\u00e9gories d\u00e9mographiques.<\/p><p>WIN Labs se distingue non seulement par l'excellence de nos produits, mais aussi par notre d\u00e9vouement \u00e0 l'inclusivit\u00e9. Nous visons \u00e0 cr\u00e9er une communaut\u00e9 o\u00f9 des individus de tous \u00e2ges et de tous genres peuvent acc\u00e9der aux avantages de la nutrition sportive de premier ordre. Nos produits sont soigneusement con\u00e7us pour soutenir un large \u00e9ventail d'enthousiastes du sport, garantissant que chacun puisse am\u00e9liorer ses performances et son bien-\u00eatre.<\/p><p>Rejoignez-nous dans cette aventure passionnante avec WIN Labs, o\u00f9 la passion rencontre l'innovation. Ensemble, red\u00e9finissons le paysage de la nutrition sportive en Afrique et inspirons une nouvelle g\u00e9n\u00e9ration d'athl\u00e8tes \u00e0 atteindre leur meilleur niveau, d\u00e9montrant que WIN Labs n'est pas simplement une marque mais un symbole d'excellence dans la nutrition sportive.<\/p>\t\t\t\t\t\t<\/div>\n\t\t\t\t<\/div>\n\t\t\t\t<div class=\"elementor-element elementor-element-3e741e0 elementor-widget elementor-widget-button\" data-id=\"3e741e0\" data-element_type=\"widget\" data-widget_type=\"button.default\">\n\t\t\t\t<div class=\"elementor-widget-container\">\n\t\t\t\t\t<div class=\"elementor-button-wrapper\">\n\t\t\t<a class=\"elementor-button elementor-size-sm\" role=\"button\">\n\t\t\t\t\t\t<span class=\"elementor-button-content-wrapper\">\n\t\t\t\t\t\t<span class=\"elementor-button-icon\">\n\t\t\t\t<svg aria-hidden=\"true\" class=\"e-font-icon-svg e-fas-arrow-right\" viewbox=\"0 0 448 512\" xmlns=\"http:\/\/www.w3.org\/2000\/svg\"><path d=\"M190.5 66.9l22.2-22.2c9.4-9.4 24.6-9.4 33.9 0L441 239c9.4 9.4 9.4 24.6 0 33.9L246.6 467.3c-9.4 9.4-24.6 9.4-33.9 0l-22.2-22.2c-9.5-9.5-9.3-25 .4-34.3L311.4 296H24c-13.3 0-24-10.7-24-24v-32c0-13.3 10.7-24 24-24h287.4L190.9 101.2c-9.8-9.3-10-24.8-.4-34.3z\"><\/path><\/svg>\t\t\t<\/span>\n\t\t\t\t\t\t\t\t\t<span class=\"elementor-button-text\">Discover our products<\/span>\n\t\t\t\t\t<\/span>\n\t\t\t\t\t<\/a>\n\t\t<\/div>\n\t\t\t\t<\/div>\n\t\t\t\t<\/div>\n\t\t\t\t\t<\/div>\n\t\t\t\t<\/div>\n\t\t\t\t<\/div>","protected":false},"excerpt":{"rendered":"<p>Welcome To WIN Laboratories \u00a0 Welcome to WIN Laboratories, a venture ignited by the shared passion of two pharmacists for [&hellip;]<\/p>","protected":false},"author":1,"featured_media":0,"parent":0,"menu_order":0,"comment_status":"closed","ping_status":"closed","template":"","meta":{"site-sidebar-layout":"no-sidebar","site-content-layout":"page-builder","ast-site-content-layout":"full-width-container","site-content-style":"default","site-sidebar-style":"default","ast-global-header-display":"","ast-banner-title-visibility":"","ast-main-header-display":"","ast-hfb-above-header-display":"","ast-hfb-below-header-display":"","ast-hfb-mobile-header-display":"","site-post-title":"disabled","ast-breadcrumbs-content":"","ast-featured-img":"disabled","footer-sml-layout":"","theme-transparent-header-meta":"","adv-header-id-meta":"","stick-header-meta":"","header-above-stick-meta":"","header-main-stick-meta":"","header-below-stick-meta":"","astra-migrate-meta-layouts":"set","ast-page-background-enabled":"default","ast-page-background-meta":{"desktop":{"background-color":"","background-image":"","background-repeat":"repeat","background-position":"center center","background-size":"auto","background-attachment":"scroll","background-type":"","background-media":"","overlay-type":"","overlay-color":"","overlay-opacity":"","overlay-gradient":""},"tablet":{"background-color":"","background-image":"","background-repeat":"repeat","background-position":"center center","background-size":"auto","background-attachment":"scroll","background-type":"","background-media":"","overlay-type":"","overlay-color":"","overlay-opacity":"","overlay-gradient":""},"mobile":{"background-color":"","background-image":"","background-repeat":"repeat","background-position":"center center","background-size":"auto","background-attachment":"scroll","background-type":"","background-media":"","overlay-type":"","overlay-color":"","overlay-opacity":"","overlay-gradient":""}},"ast-content-background-meta":{"desktop":{"background-color":"var(--ast-global-color-5)","background-image":"","background-repeat":"repeat","background-position":"center center","background-size":"auto","background-attachment":"scroll","background-type":"","background-media":"","overlay-type":"","overlay-color":"","overlay-opacity":"","overlay-gradient":""},"tablet":{"background-color":"var(--ast-global-color-5)","background-image":"","background-repeat":"repeat","background-position":"center center","background-size":"auto","background-attachment":"scroll","background-type":"","background-media":"","overlay-type":"","overlay-color":"","overlay-opacity":"","overlay-gradient":""},"mobile":{"background-color":"var(--ast-global-color-5)","background-image":"","background-repeat":"repeat","background-position":"center center","background-size":"auto","background-attachment":"scroll","background-type":"","background-media":"","overlay-type":"","overlay-color":"","overlay-opacity":"","overlay-gradient":""}},"footnotes":""},"jetpack_sharing_enabled":true,"_links":{"self":[{"href":"https:\/\/winlaboratories.com\/fr\/wp-json\/wp\/v2\/pages\/1751"}],"collection":[{"href":"https:\/\/winlaboratories.com\/fr\/wp-json\/wp\/v2\/pages"}],"about":[{"href":"https:\/\/winlaboratories.com\/fr\/wp-json\/wp\/v2\/types\/page"}],"author":[{"embeddable":true,"href":"https:\/\/winlaboratories.com\/fr\/wp-json\/wp\/v2\/users\/1"}],"replies":[{"embeddable":true,"href":"https:\/\/winlaboratories.com\/fr\/wp-json\/wp\/v2\/comments?post=1751"}],"version-history":[{"count":25,"href":"https:\/\/winlaboratories.com\/fr\/wp-json\/wp\/v2\/pages\/1751\/revisions"}],"predecessor-version":[{"id":2624,"href":"https:\/\/winlaboratories.com\/fr\/wp-json\/wp\/v2\/pages\/1751\/revisions\/2624"}],"wp:attachment":[{"href":"https:\/\/winlaboratories.com\/fr\/wp-json\/wp\/v2\/media?parent=1751"}],"curies":[{"name":"wp","href":"https:\/\/api.w.org\/{rel}","templated":true}]}}